{"id":1578,"date":"2023-10-09T13:30:33","date_gmt":"2023-10-09T13:30:33","guid":{"rendered":"https:\/\/slowackiego11.com\/?page_id=1578"},"modified":"2024-09-02T11:11:57","modified_gmt":"2024-09-02T11:11:57","slug":"cennik","status":"publish","type":"page","link":"https:\/\/slowackiego11.com\/index.php\/cennik\/","title":{"rendered":"Cennik"},"content":{"rendered":"\n<p><strong>Us\u0142ugi wykonywane w gabinecie<\/strong><\/p>\n\n\n\n<ul class=\"wp-block-list\">\n<li>konsultacja kardiologiczna &#8211; <strong>300z\u0142<\/strong><\/li>\n\n\n\n<li>badanie echokardiograficzne przezklatkowe &#8211; <strong>200z\u0142<\/strong><\/li>\n\n\n\n<li>kontrola urz\u0105dze\u0144 wszczepialnych &#8211; <strong>200z\u0142<\/strong><\/li>\n\n\n\n<li>EKG z opisem jest realizowane w ramach konsultacji kardiologicznej je\u015bli s\u0105 do niego wskazania<\/li>\n\n\n\n<li>pilna us\u0142uga medyczna (na CITO), us\u0142uga zg\u0142oszona w dniu przyj\u0119cia do gabinetu &#8211; <strong>dodatkowo +50z\u0142 do ka\u017cdej us\u0142ugi<\/strong><\/li>\n<\/ul>\n\n\n\n<p><\/p>\n\n\n\n<p><strong>Us\u0142ugi wykonywane w Oddziale Kardiologii Wojew\u00f3dzkiego Szpitala Specjalistycznego&nbsp;we&nbsp;W\u0142oc\u0142awku<\/strong><\/p>\n\n\n\n<ul class=\"wp-block-list\">\n<li>badanie holterowskie (EKG) &#8211; <strong>200z\u0142<\/strong><\/li>\n\n\n\n<li>ABPM (Holter ci\u015bnieniowy) &#8211; <strong>200z\u0142<\/strong><\/li>\n\n\n\n<li>test wysi\u0142kowy na bie\u017cni ruchomej lub cykloergometrze &#8211; <strong>200z\u0142<\/strong><\/li>\n\n\n\n<li>badanie echokardiograficzne przezprze\u0142ykowe  &#8211; <strong>300z\u0142<\/strong><\/li>\n\n\n\n<li>badanie echokardiograficzne obci\u0105\u017ceniowe na cykloergometrze &#8211; <strong>300z\u0142<\/strong><\/li>\n\n\n\n<li>badanie echokardiograficzne obci\u0105\u017ceniowe z dobutamin\u0105 &#8211; <strong>300z\u0142<\/strong><\/li>\n\n\n\n<li>ergospirometria &#8211; <strong>300z\u0142<\/strong><\/li>\n<\/ul>\n","protected":false},"excerpt":{"rendered":"<p>Us\u0142ugi wykonywane w gabinecie Us\u0142ugi wykonywane w Oddziale Kardiologii Wojew\u00f3dzkiego Szpitala Specjalistycznego&nbsp;we&nbsp;W\u0142oc\u0142awku<\/p>\n","protected":false},"author":1,"featured_media":0,"parent":0,"menu_order":0,"comment_status":"closed","ping_status":"closed","template":"","meta":{"footnotes":""},"class_list":["post-1578","page","type-page","status-publish","hentry"],"_links":{"self":[{"href":"https:\/\/slowackiego11.com\/index.php\/wp-json\/wp\/v2\/pages\/1578","targetHints":{"allow":["GET"]}}],"collection":[{"href":"https:\/\/slowackiego11.com\/index.php\/wp-json\/wp\/v2\/pages"}],"about":[{"href":"https:\/\/slowackiego11.com\/index.php\/wp-json\/wp\/v2\/types\/page"}],"author":[{"embeddable":true,"href":"https:\/\/slowackiego11.com\/index.php\/wp-json\/wp\/v2\/users\/1"}],"replies":[{"embeddable":true,"href":"https:\/\/slowackiego11.com\/index.php\/wp-json\/wp\/v2\/comments?post=1578"}],"version-history":[{"count":10,"href":"https:\/\/slowackiego11.com\/index.php\/wp-json\/wp\/v2\/pages\/1578\/revisions"}],"predecessor-version":[{"id":1663,"href":"https:\/\/slowackiego11.com\/index.php\/wp-json\/wp\/v2\/pages\/1578\/revisions\/1663"}],"wp:attachment":[{"href":"https:\/\/slowackiego11.com\/index.php\/wp-json\/wp\/v2\/media?parent=1578"}],"curies":[{"name":"wp","href":"https:\/\/api.w.org\/{rel}","templated":true}]}}